{"id":51,"date":"2023-11-03T00:38:28","date_gmt":"2023-11-02T23:38:28","guid":{"rendered":"https:\/\/corsicacoastrace.com\/nouvelles\/?page_id=51"},"modified":"2023-11-03T00:38:28","modified_gmt":"2023-11-02T23:38:28","slug":"contactez-nous","status":"publish","type":"page","link":"http:\/\/corsicacoastrace.com\/nouvelles\/contactez-nous\/","title":{"rendered":"Contactez-nous"},"content":{"rendered":"<p>Nous accordons une grande valeur \u00e0 vos commentaires et nous nous r\u00e9jouissons de recevoir vos retours.<\/p>\n<p>Si vous souhaitez nous contacter ou si vous avez des commentaires sur notre site Web, nous vous encourageons \u00e0 nous joindre \u00e0 l\u2019adresse \u00e9lectronique indiqu\u00e9e ci-dessous.<\/p>\n<p>Veuillez utiliser une ligne d\u2019objet claire dans votre message pour nous aider \u00e0 le distinguer parmi les nombreux courriels que nous recevons quotidiennement. Nous ferons tout notre possible pour vous r\u00e9pondre rapidement.<\/p>\n<p>Vos commentaires, qu\u2019il s\u2019agisse de critiques ou de commentaires sur notre site Web, sont grandement appr\u00e9ci\u00e9s. N\u2019oubliez pas de laisser vos commentaires dans la section des commentaires sous chaque article.<\/p>\n<p>Si vous avez des questions ou des remarques concernant les produits que nous examinons, nous vous demandons gentiment de partager vos r\u00e9flexions dans la section des commentaires appropri\u00e9e. Cela nous permet non seulement de r\u00e9pondre directement, mais aussi de permettre \u00e0 d\u2019autres lecteurs de participer \u00e0 la discussion.<\/p>\n<p>Il est important de noter que nous ne vendons ni ne stockons les produits que nous examinons. Si vous rencontrez des probl\u00e8mes d\u2019achat, nous vous sugg\u00e9rons de contacter directement le fabricant.<\/p>\n<p>Malheureusement, en raison du grand nombre de demandes que nous recevons, nous ne sommes pas en mesure de r\u00e9pondre aux courriels li\u00e9s \u00e0 l\u2019achat de compl\u00e9ments.<\/p>\n<p>Pour plus d\u2019informations, n\u2019h\u00e9sitez pas \u00e0 nous contacter \u00e0 l\u2019adresse \u00e9lectronique suivante :<\/p>\n<p>Contact : info@corsicacoastrace.com.<\/p>\n","protected":false},"excerpt":{"rendered":"<p>Nous accordons une grande valeur \u00e0 vos commentaires et nous nous r\u00e9jouissons de recevoir vos&#8230;<\/p>\n","protected":false},"author":1,"featured_media":0,"parent":0,"menu_order":0,"comment_status":"closed","ping_status":"closed","template":"","meta":{"footnotes":""},"yoast_head":"<!-- This site is optimized with the Yoast SEO plugin v21.5 - https:\/\/yoast.com\/wordpress\/plugins\/seo\/ -->\n<title>Contactez-nous - Corsica Coast Race<\/title>\n<meta name=\"robots\" content=\"index, follow, max-snippet:-1, max-image-preview:large, max-video-preview:-1\" \/>\n<link rel=\"canonical\" href=\"http:\/\/corsicacoastrace.com\/nouvelles\/contactez-nous\/\" \/>\n<meta property=\"og:locale\" content=\"fr_FR\" \/>\n<meta property=\"og:type\" content=\"article\" \/>\n<meta property=\"og:title\" content=\"Contactez-nous - Corsica Coast Race\" \/>\n<meta property=\"og:description\" content=\"Nous accordons une grande valeur \u00e0 vos commentaires et nous nous r\u00e9jouissons de recevoir vos...\" \/>\n<meta property=\"og:url\" content=\"http:\/\/corsicacoastrace.com\/nouvelles\/contactez-nous\/\" \/>\n<meta property=\"og:site_name\" content=\"Corsica Coast Race\" \/>\n<meta name=\"twitter:card\" content=\"summary_large_image\" \/>\n<meta name=\"twitter:label1\" content=\"Dur\u00e9e de lecture estim\u00e9e\" \/>\n\t<meta name=\"twitter:data1\" content=\"2 minutes\" \/>\n<script type=\"application\/ld+json\" class=\"yoast-schema-graph\">{\"@context\":\"https:\/\/schema.org\",\"@graph\":[{\"@type\":\"WebPage\",\"@id\":\"http:\/\/corsicacoastrace.com\/nouvelles\/contactez-nous\/\",\"url\":\"http:\/\/corsicacoastrace.com\/nouvelles\/contactez-nous\/\",\"name\":\"Contactez-nous - Corsica Coast Race\",\"isPartOf\":{\"@id\":\"https:\/\/corsicacoastrace.com\/nouvelles\/#website\"},\"datePublished\":\"2023-11-02T23:38:28+00:00\",\"dateModified\":\"2023-11-02T23:38:28+00:00\",\"breadcrumb\":{\"@id\":\"http:\/\/corsicacoastrace.com\/nouvelles\/contactez-nous\/#breadcrumb\"},\"inLanguage\":\"fr-FR\",\"potentialAction\":[{\"@type\":\"ReadAction\",\"target\":[\"http:\/\/corsicacoastrace.com\/nouvelles\/contactez-nous\/\"]}]},{\"@type\":\"BreadcrumbList\",\"@id\":\"http:\/\/corsicacoastrace.com\/nouvelles\/contactez-nous\/#breadcrumb\",\"itemListElement\":[{\"@type\":\"ListItem\",\"position\":1,\"name\":\"Home\",\"item\":\"https:\/\/corsicacoastrace.com\/nouvelles\/\"},{\"@type\":\"ListItem\",\"position\":2,\"name\":\"Contactez-nous\"}]},{\"@type\":\"WebSite\",\"@id\":\"https:\/\/corsicacoastrace.com\/nouvelles\/#website\",\"url\":\"https:\/\/corsicacoastrace.com\/nouvelles\/\",\"name\":\"Corsica Coast Race\",\"description\":\"Nouvelles\",\"publisher\":{\"@id\":\"https:\/\/corsicacoastrace.com\/nouvelles\/#organization\"},\"potentialAction\":[{\"@type\":\"SearchAction\",\"target\":{\"@type\":\"EntryPoint\",\"urlTemplate\":\"https:\/\/corsicacoastrace.com\/nouvelles\/?s={search_term_string}\"},\"query-input\":\"required name=search_term_string\"}],\"inLanguage\":\"fr-FR\"},{\"@type\":\"Organization\",\"@id\":\"https:\/\/corsicacoastrace.com\/nouvelles\/#organization\",\"name\":\"Corsica Coast Race\",\"url\":\"https:\/\/corsicacoastrace.com\/nouvelles\/\",\"logo\":{\"@type\":\"ImageObject\",\"inLanguage\":\"fr-FR\",\"@id\":\"https:\/\/corsicacoastrace.com\/nouvelles\/#\/schema\/logo\/image\/\",\"url\":\"https:\/\/corsicacoastrace.com\/nouvelles\/wp-content\/uploads\/2023\/11\/cropped-\u0421\u043d\u0438\u043c\u043e\u043a-\u044d\u043a\u0440\u0430\u043d\u0430-2023-11-03-\u0432-13.26.51.png\",\"contentUrl\":\"https:\/\/corsicacoastrace.com\/nouvelles\/wp-content\/uploads\/2023\/11\/cropped-\u0421\u043d\u0438\u043c\u043e\u043a-\u044d\u043a\u0440\u0430\u043d\u0430-2023-11-03-\u0432-13.26.51.png\",\"width\":548,\"height\":202,\"caption\":\"Corsica Coast Race\"},\"image\":{\"@id\":\"https:\/\/corsicacoastrace.com\/nouvelles\/#\/schema\/logo\/image\/\"}}]}<\/script>\n<!-- \/ Yoast SEO plugin. -->","yoast_head_json":{"title":"Contactez-nous - Corsica Coast Race","robots":{"index":"index","follow":"follow","max-snippet":"max-snippet:-1","max-image-preview":"max-image-preview:large","max-video-preview":"max-video-preview:-1"},"canonical":"http:\/\/corsicacoastrace.com\/nouvelles\/contactez-nous\/","og_locale":"fr_FR","og_type":"article","og_title":"Contactez-nous - Corsica Coast Race","og_description":"Nous accordons une grande valeur \u00e0 vos commentaires et nous nous r\u00e9jouissons de recevoir vos...","og_url":"http:\/\/corsicacoastrace.com\/nouvelles\/contactez-nous\/","og_site_name":"Corsica Coast Race","twitter_card":"summary_large_image","twitter_misc":{"Dur\u00e9e de lecture estim\u00e9e":"2 minutes"},"schema":{"@context":"https:\/\/schema.org","@graph":[{"@type":"WebPage","@id":"http:\/\/corsicacoastrace.com\/nouvelles\/contactez-nous\/","url":"http:\/\/corsicacoastrace.com\/nouvelles\/contactez-nous\/","name":"Contactez-nous - Corsica Coast Race","isPartOf":{"@id":"https:\/\/corsicacoastrace.com\/nouvelles\/#website"},"datePublished":"2023-11-02T23:38:28+00:00","dateModified":"2023-11-02T23:38:28+00:00","breadcrumb":{"@id":"http:\/\/corsicacoastrace.com\/nouvelles\/contactez-nous\/#breadcrumb"},"inLanguage":"fr-FR","potentialAction":[{"@type":"ReadAction","target":["http:\/\/corsicacoastrace.com\/nouvelles\/contactez-nous\/"]}]},{"@type":"BreadcrumbList","@id":"http:\/\/corsicacoastrace.com\/nouvelles\/contactez-nous\/#breadcrumb","itemListElement":[{"@type":"ListItem","position":1,"name":"Home","item":"https:\/\/corsicacoastrace.com\/nouvelles\/"},{"@type":"ListItem","position":2,"name":"Contactez-nous"}]},{"@type":"WebSite","@id":"https:\/\/corsicacoastrace.com\/nouvelles\/#website","url":"https:\/\/corsicacoastrace.com\/nouvelles\/","name":"Corsica Coast Race","description":"Nouvelles","publisher":{"@id":"https:\/\/corsicacoastrace.com\/nouvelles\/#organization"},"potentialAction":[{"@type":"SearchAction","target":{"@type":"EntryPoint","urlTemplate":"https:\/\/corsicacoastrace.com\/nouvelles\/?s={search_term_string}"},"query-input":"required name=search_term_string"}],"inLanguage":"fr-FR"},{"@type":"Organization","@id":"https:\/\/corsicacoastrace.com\/nouvelles\/#organization","name":"Corsica Coast Race","url":"https:\/\/corsicacoastrace.com\/nouvelles\/","logo":{"@type":"ImageObject","inLanguage":"fr-FR","@id":"https:\/\/corsicacoastrace.com\/nouvelles\/#\/schema\/logo\/image\/","url":"https:\/\/corsicacoastrace.com\/nouvelles\/wp-content\/uploads\/2023\/11\/cropped-\u0421\u043d\u0438\u043c\u043e\u043a-\u044d\u043a\u0440\u0430\u043d\u0430-2023-11-03-\u0432-13.26.51.png","contentUrl":"https:\/\/corsicacoastrace.com\/nouvelles\/wp-content\/uploads\/2023\/11\/cropped-\u0421\u043d\u0438\u043c\u043e\u043a-\u044d\u043a\u0440\u0430\u043d\u0430-2023-11-03-\u0432-13.26.51.png","width":548,"height":202,"caption":"Corsica Coast Race"},"image":{"@id":"https:\/\/corsicacoastrace.com\/nouvelles\/#\/schema\/logo\/image\/"}}]}},"_links":{"self":[{"href":"https:\/\/corsicacoastrace.com\/nouvelles\/wp-json\/wp\/v2\/pages\/51"}],"collection":[{"href":"https:\/\/corsicacoastrace.com\/nouvelles\/wp-json\/wp\/v2\/pages"}],"about":[{"href":"https:\/\/corsicacoastrace.com\/nouvelles\/wp-json\/wp\/v2\/types\/page"}],"author":[{"embeddable":true,"href":"https:\/\/corsicacoastrace.com\/nouvelles\/wp-json\/wp\/v2\/users\/1"}],"replies":[{"embeddable":true,"href":"https:\/\/corsicacoastrace.com\/nouvelles\/wp-json\/wp\/v2\/comments?post=51"}],"version-history":[{"count":1,"href":"https:\/\/corsicacoastrace.com\/nouvelles\/wp-json\/wp\/v2\/pages\/51\/revisions"}],"predecessor-version":[{"id":52,"href":"https:\/\/corsicacoastrace.com\/nouvelles\/wp-json\/wp\/v2\/pages\/51\/revisions\/52"}],"wp:attachment":[{"href":"https:\/\/corsicacoastrace.com\/nouvelles\/wp-json\/wp\/v2\/media?parent=51"}],"curies":[{"name":"wp","href":"https:\/\/api.w.org\/{rel}","templated":true}]}}